{"id":245,"date":"2021-01-12T11:29:02","date_gmt":"2021-01-12T10:29:02","guid":{"rendered":"http:\/\/fusion.in.rs\/?page_id=245"},"modified":"2021-02-09T10:38:11","modified_gmt":"2021-02-09T09:38:11","slug":"backend-development","status":"publish","type":"page","link":"https:\/\/fusion.rs\/sr\/backend-development\/","title":{"rendered":"Backend development"},"content":{"rendered":"\n<p>Na\u0161a specijalnost su integracije sa razli\u010ditim internim i eksternim sistemima. Na backend-u naj\u010de\u0161\u0107e radimo .NET ali smo tokom svih ovih godina stekli iskustvo i u raznim drugim tehnologijama. U nastavku je pregled naj\u010de\u0161\u0107ih tehnologija koje koristimo na backend-u.<\/p>\n\n\n\n<section class=\"support-cares mt-5 st-pb-default\">\n    <div class=\"container\">\n        <div class=\"row\">\n            <div class=\"col-md-10 col-12 mx-auto\">\n                <div class=\"row row-cols-1 row-cols-md-2 row-cols-lg-3 g-4 wow fadeInUp\" style=\"visibility: visible; animation-name: fadeInUp;\">\n                    <div class=\"col\">\n                        <div class=\"widget widget-contact\">\n                            <div class=\"contact-area\">\n                                <div class=\"contact-icon\">\n                                    <div class=\"contact-corn\">\n                                        <img decoding=\"async\" class=\"company_support_cares_cols_mn_icon\" src=\"http:\/\/fusion.rs\/wp-content\/uploads\/2021\/02\/netcorelogo.png\" style=\"width: 110px\" alt=\".net core\" title=\".net core\">\n                                    <\/div>\n                                <\/div>\n                                <div class=\"contact-info\">\n\n                                    <h6 class=\"title\">.NET CORE<\/h6>\n\n                                    <p>.NET generalno je na\u0161 prvi izbor. Na desetine projekata uspe\u0161no implementiranih kori\u0161\u0107enjem ove dobro poznate platforme.<\/p>\n                                <\/div>\n                            <\/div>\n                        <\/div>\n                    <\/div>\n                    <div class=\"col\">\n                        <div class=\"widget widget-contact\">\n                            <div class=\"contact-area\">\n                                <div class=\"contact-icon\">\n                                    <div class=\"contact-corn\">\n                                        <img decoding=\"async\" class=\"company_support_cares_cols_mn_icon\" src=\"http:\/\/fusion.rs\/wp-content\/uploads\/2021\/02\/Python-Logo.png\" style=\"width: 190px\" alt=\"Python\" title=\"Python\">\n                                    <\/div>\n                                <\/div>\n                                <div class=\"contact-info\">\n                                    <h6 class=\"title\">Python<\/h6>\n                                    <p>Sve vi\u0161e klijenata se odlu\u010duje za Python. Izuzetno fleksibilna platforma sa odli\u010dnim performansama.<\/p>\n                                <\/div>\n                            <\/div>\n                        <\/div>\n                    <\/div>\n                    <div class=\"col\">\n                        <div class=\"widget widget-contact\">\n                            <div class=\"contact-area\">\n                                <div class=\"contact-icon\">\n                                    <div class=\"contact-corn\">\n                                        <img decoding=\"async\" class=\"company_support_cares_cols_mn_icon\" src=\"http:\/\/fusion.rs\/wp-content\/uploads\/2021\/02\/node.png\" alt=\"NodeJs\" title=\"NodeJs\" style=\"width: 150px\">\n                                    <\/div>\n                                <\/div>\n                                <div class=\"contact-info\">\n                                    <h6 class=\"title\">Node JS<\/h6>\n                                    <p>Tehnologija koju koristimo za cloud re\u0161enja na AWS platformi. Izuzetno pogodna za skalabilna re\u0161enja i serverless arhitekturu.<\/p>\n                                <\/div>\n                            <\/div>\n                        <\/div>\n                    <\/div>\n                <\/div>\n            <\/div>\n        <\/div>\n    <\/div>\n<\/section>\n\n\n\n<section class=\"support-cares mt-5 st-pb-default\">\n    <div class=\"container\">\n        <div class=\"row\">\n            <div class=\"col-md-10 col-12 mx-auto\">\n                <div class=\"row row-cols-1 row-cols-md-2 row-cols-lg-3 g-4 wow fadeInUp\" style=\"visibility: visible; animation-name: fadeInUp;\">\n                    <div class=\"col\">\n                        <div class=\"widget widget-contact\">\n                            <div class=\"contact-area\">\n                                <div class=\"contact-icon\">\n                                    <div class=\"contact-corn\">\n                                        <img decoding=\"async\" class=\"company_support_cares_cols_mn_icon\" src=\"http:\/\/fusion.rs\/wp-content\/uploads\/2021\/02\/sql.png\" alt=\"SQL Server\" title=\"SQL Server\" style=\"width: 130px\">\n                                    <\/div>\n                                <\/div>\n                                <div class=\"contact-info\">\n                                    <h6 class=\"title\">SQL Server<\/h6>\n                                    <p>Najbolji u kombinaciji sa .NET. Korisnicima je na raspolaganju besplatna (SQL Express) verzija za manje projekte.<\/p>\n                                <\/div>\n                            <\/div>\n                        <\/div>\n                    <\/div>\n                    <div class=\"col\">\n                        <div class=\"widget widget-contact\">\n                            <div class=\"contact-area\">\n                                <div class=\"contact-icon\">\n                                    <div class=\"contact-corn\">\n                                        <img decoding=\"async\" class=\"company_support_cares_cols_mn_icon\" src=\"http:\/\/fusion.rs\/wp-content\/uploads\/2021\/02\/postgre-1.png\" style=\"width: 110px\" alt=\"Postgres\" title=\"Postgres\">\n                                    <\/div>\n                                <\/div>\n                                <div class=\"contact-info\">\n                                    <h6 class=\"title\">Postgres<\/h6>\n                                    <p>Veoma skalabilno open-source DBMS re\u0161enje. Odli\u010dno se uklapa sa Python-om na Linux platformi. Podr\u017eava SQL i JSON upite.<\/p>\n                                <\/div>\n                            <\/div>\n                        <\/div>\n                    <\/div>\n                    <div class=\"col\">\n                        <div class=\"widget widget-contact\">\n                            <div class=\"contact-area\">\n                                <div class=\"contact-icon\">\n                                    <div class=\"contact-corn\">\n                                        <img decoding=\"async\" class=\"company_support_cares_cols_mn_icon\" src=\"http:\/\/fusion.rs\/wp-content\/uploads\/2021\/02\/MongoDB-Logo.png\" alt=\"Mongo\" title=\"Mongo\" style=\"width: 200px\">\n                                    <\/div>\n                                <\/div>\n                                <div class=\"contact-info\">\n                                    <h6 class=\"title\">Mongo<\/h6>\n                                    <p>Najbolje nosql re\u0161enje. Izuzetno skalabilna platforma koju koriste mnoge kompanije. Pogodna za \u010duvanje velike koli\u010dine podataka.<\/p>\n                                <\/div>\n                            <\/div>\n                        <\/div>\n                    <\/div>\n                <\/div>\n            <\/div>\n        <\/div>\n    <\/div>\n<\/section>\n","protected":false},"excerpt":{"rendered":"<p>Na\u0161a specijalnost su integracije sa razli\u010ditim internim i eksternim sistemima. Na backend-u naj\u010de\u0161\u0107e radimo .NET ali smo tokom svih ovih godina stekli iskustvo i u raznim drugim tehnologijama. U nastavku je pregled naj\u010de\u0161\u0107ih tehnologija koje koristimo na backend-u. .NET CORE .NET generalno je na\u0161 prvi izbor. Na desetine projekata uspe\u0161no implementiranih kori\u0161\u0107enjem ove dobro poznate [&hellip;]<\/p>\n","protected":false},"author":1,"featured_media":0,"parent":0,"menu_order":0,"comment_status":"closed","ping_status":"closed","template":"templates\/template-page-full-width.php","meta":{"_exactmetrics_skip_tracking":false,"_exactmetrics_sitenote_active":false,"_exactmetrics_sitenote_note":"","_exactmetrics_sitenote_category":0,"footnotes":""},"class_list":["post-245","page","type-page","status-publish","hentry"],"yoast_head":"<!-- This site is optimized with the Yoast SEO plugin v27.4 - https:\/\/yoast.com\/product\/yoast-seo-wordpress\/ -->\n<title>Backend development - Fusion<\/title>\n<meta name=\"robots\" content=\"index, follow, max-snippet:-1, max-image-preview:large, max-video-preview:-1\" \/>\n<link rel=\"canonical\" href=\"https:\/\/fusion.rs\/sr\/backend-development\/\" \/>\n<meta property=\"og:locale\" content=\"sr_RS\" \/>\n<meta property=\"og:type\" content=\"article\" \/>\n<meta property=\"og:title\" content=\"Backend development - Fusion\" \/>\n<meta property=\"og:description\" content=\"Na\u0161a specijalnost su integracije sa razli\u010ditim internim i eksternim sistemima. Na backend-u naj\u010de\u0161\u0107e radimo .NET ali smo tokom svih ovih godina stekli iskustvo i u raznim drugim tehnologijama. U nastavku je pregled naj\u010de\u0161\u0107ih tehnologija koje koristimo na backend-u. .NET CORE .NET generalno je na\u0161 prvi izbor. Na desetine projekata uspe\u0161no implementiranih kori\u0161\u0107enjem ove dobro poznate [&hellip;]\" \/>\n<meta property=\"og:url\" content=\"https:\/\/fusion.rs\/sr\/backend-development\/\" \/>\n<meta property=\"og:site_name\" content=\"Fusion\" \/>\n<meta property=\"article:modified_time\" content=\"2021-02-09T09:38:11+00:00\" \/>\n<meta property=\"og:image\" content=\"http:\/\/fusion.rs\/wp-content\/uploads\/2021\/02\/netcorelogo.png\" \/>\n<meta name=\"twitter:card\" content=\"summary_large_image\" \/>\n<meta name=\"twitter:label1\" content=\"\u041f\u0440\u043e\u0446\u0435\u045a\u0435\u043d\u043e \u0432\u0440\u0435\u043c\u0435 \u0447\u0438\u0442\u0430\u045a\u0430\" \/>\n\t<meta name=\"twitter:data1\" content=\"2 \u043c\u0438\u043d\u0443\u0442\u0430\" \/>\n<script type=\"application\/ld+json\" class=\"yoast-schema-graph\">{\"@context\":\"https:\\\/\\\/schema.org\",\"@graph\":[{\"@type\":\"WebPage\",\"@id\":\"https:\\\/\\\/fusion.rs\\\/sr\\\/backend-development\\\/\",\"url\":\"https:\\\/\\\/fusion.rs\\\/sr\\\/backend-development\\\/\",\"name\":\"Backend development - Fusion\",\"isPartOf\":{\"@id\":\"https:\\\/\\\/fusion.rs\\\/sr\\\/#website\"},\"primaryImageOfPage\":{\"@id\":\"https:\\\/\\\/fusion.rs\\\/sr\\\/backend-development\\\/#primaryimage\"},\"image\":{\"@id\":\"https:\\\/\\\/fusion.rs\\\/sr\\\/backend-development\\\/#primaryimage\"},\"thumbnailUrl\":\"http:\\\/\\\/fusion.rs\\\/wp-content\\\/uploads\\\/2021\\\/02\\\/netcorelogo.png\",\"datePublished\":\"2021-01-12T10:29:02+00:00\",\"dateModified\":\"2021-02-09T09:38:11+00:00\",\"breadcrumb\":{\"@id\":\"https:\\\/\\\/fusion.rs\\\/sr\\\/backend-development\\\/#breadcrumb\"},\"inLanguage\":\"sr-RS\",\"potentialAction\":[{\"@type\":\"ReadAction\",\"target\":[\"https:\\\/\\\/fusion.rs\\\/sr\\\/backend-development\\\/\"]}]},{\"@type\":\"ImageObject\",\"inLanguage\":\"sr-RS\",\"@id\":\"https:\\\/\\\/fusion.rs\\\/sr\\\/backend-development\\\/#primaryimage\",\"url\":\"http:\\\/\\\/fusion.rs\\\/wp-content\\\/uploads\\\/2021\\\/02\\\/netcorelogo.png\",\"contentUrl\":\"http:\\\/\\\/fusion.rs\\\/wp-content\\\/uploads\\\/2021\\\/02\\\/netcorelogo.png\"},{\"@type\":\"BreadcrumbList\",\"@id\":\"https:\\\/\\\/fusion.rs\\\/sr\\\/backend-development\\\/#breadcrumb\",\"itemListElement\":[{\"@type\":\"ListItem\",\"position\":1,\"name\":\"Home\",\"item\":\"https:\\\/\\\/fusion.rs\\\/sr\\\/\"},{\"@type\":\"ListItem\",\"position\":2,\"name\":\"Backend development\"}]},{\"@type\":\"WebSite\",\"@id\":\"https:\\\/\\\/fusion.rs\\\/sr\\\/#website\",\"url\":\"https:\\\/\\\/fusion.rs\\\/sr\\\/\",\"name\":\"Fusion\",\"description\":\"Softver i IT usluge\",\"publisher\":{\"@id\":\"https:\\\/\\\/fusion.rs\\\/sr\\\/#organization\"},\"potentialAction\":[{\"@type\":\"SearchAction\",\"target\":{\"@type\":\"EntryPoint\",\"urlTemplate\":\"https:\\\/\\\/fusion.rs\\\/sr\\\/?s={search_term_string}\"},\"query-input\":{\"@type\":\"PropertyValueSpecification\",\"valueRequired\":true,\"valueName\":\"search_term_string\"}}],\"inLanguage\":\"sr-RS\"},{\"@type\":\"Organization\",\"@id\":\"https:\\\/\\\/fusion.rs\\\/sr\\\/#organization\",\"name\":\"Fusion\",\"url\":\"https:\\\/\\\/fusion.rs\\\/sr\\\/\",\"logo\":{\"@type\":\"ImageObject\",\"inLanguage\":\"sr-RS\",\"@id\":\"https:\\\/\\\/fusion.rs\\\/sr\\\/#\\\/schema\\\/logo\\\/image\\\/\",\"url\":\"https:\\\/\\\/fusion.rs\\\/wp-content\\\/uploads\\\/2021\\\/01\\\/fusion-logo.png\",\"contentUrl\":\"https:\\\/\\\/fusion.rs\\\/wp-content\\\/uploads\\\/2021\\\/01\\\/fusion-logo.png\",\"width\":600,\"height\":190,\"caption\":\"Fusion\"},\"image\":{\"@id\":\"https:\\\/\\\/fusion.rs\\\/sr\\\/#\\\/schema\\\/logo\\\/image\\\/\"}}]}<\/script>\n<!-- \/ Yoast SEO plugin. -->","yoast_head_json":{"title":"Backend development - Fusion","robots":{"index":"index","follow":"follow","max-snippet":"max-snippet:-1","max-image-preview":"max-image-preview:large","max-video-preview":"max-video-preview:-1"},"canonical":"https:\/\/fusion.rs\/sr\/backend-development\/","og_locale":"sr_RS","og_type":"article","og_title":"Backend development - Fusion","og_description":"Na\u0161a specijalnost su integracije sa razli\u010ditim internim i eksternim sistemima. Na backend-u naj\u010de\u0161\u0107e radimo .NET ali smo tokom svih ovih godina stekli iskustvo i u raznim drugim tehnologijama. U nastavku je pregled naj\u010de\u0161\u0107ih tehnologija koje koristimo na backend-u. .NET CORE .NET generalno je na\u0161 prvi izbor. Na desetine projekata uspe\u0161no implementiranih kori\u0161\u0107enjem ove dobro poznate [&hellip;]","og_url":"https:\/\/fusion.rs\/sr\/backend-development\/","og_site_name":"Fusion","article_modified_time":"2021-02-09T09:38:11+00:00","og_image":[{"url":"http:\/\/fusion.rs\/wp-content\/uploads\/2021\/02\/netcorelogo.png","type":"","width":"","height":""}],"twitter_card":"summary_large_image","twitter_misc":{"\u041f\u0440\u043e\u0446\u0435\u045a\u0435\u043d\u043e \u0432\u0440\u0435\u043c\u0435 \u0447\u0438\u0442\u0430\u045a\u0430":"2 \u043c\u0438\u043d\u0443\u0442\u0430"},"schema":{"@context":"https:\/\/schema.org","@graph":[{"@type":"WebPage","@id":"https:\/\/fusion.rs\/sr\/backend-development\/","url":"https:\/\/fusion.rs\/sr\/backend-development\/","name":"Backend development - Fusion","isPartOf":{"@id":"https:\/\/fusion.rs\/sr\/#website"},"primaryImageOfPage":{"@id":"https:\/\/fusion.rs\/sr\/backend-development\/#primaryimage"},"image":{"@id":"https:\/\/fusion.rs\/sr\/backend-development\/#primaryimage"},"thumbnailUrl":"http:\/\/fusion.rs\/wp-content\/uploads\/2021\/02\/netcorelogo.png","datePublished":"2021-01-12T10:29:02+00:00","dateModified":"2021-02-09T09:38:11+00:00","breadcrumb":{"@id":"https:\/\/fusion.rs\/sr\/backend-development\/#breadcrumb"},"inLanguage":"sr-RS","potentialAction":[{"@type":"ReadAction","target":["https:\/\/fusion.rs\/sr\/backend-development\/"]}]},{"@type":"ImageObject","inLanguage":"sr-RS","@id":"https:\/\/fusion.rs\/sr\/backend-development\/#primaryimage","url":"http:\/\/fusion.rs\/wp-content\/uploads\/2021\/02\/netcorelogo.png","contentUrl":"http:\/\/fusion.rs\/wp-content\/uploads\/2021\/02\/netcorelogo.png"},{"@type":"BreadcrumbList","@id":"https:\/\/fusion.rs\/sr\/backend-development\/#breadcrumb","itemListElement":[{"@type":"ListItem","position":1,"name":"Home","item":"https:\/\/fusion.rs\/sr\/"},{"@type":"ListItem","position":2,"name":"Backend development"}]},{"@type":"WebSite","@id":"https:\/\/fusion.rs\/sr\/#website","url":"https:\/\/fusion.rs\/sr\/","name":"Fusion","description":"Softver i IT usluge","publisher":{"@id":"https:\/\/fusion.rs\/sr\/#organization"},"potentialAction":[{"@type":"SearchAction","target":{"@type":"EntryPoint","urlTemplate":"https:\/\/fusion.rs\/sr\/?s={search_term_string}"},"query-input":{"@type":"PropertyValueSpecification","valueRequired":true,"valueName":"search_term_string"}}],"inLanguage":"sr-RS"},{"@type":"Organization","@id":"https:\/\/fusion.rs\/sr\/#organization","name":"Fusion","url":"https:\/\/fusion.rs\/sr\/","logo":{"@type":"ImageObject","inLanguage":"sr-RS","@id":"https:\/\/fusion.rs\/sr\/#\/schema\/logo\/image\/","url":"https:\/\/fusion.rs\/wp-content\/uploads\/2021\/01\/fusion-logo.png","contentUrl":"https:\/\/fusion.rs\/wp-content\/uploads\/2021\/01\/fusion-logo.png","width":600,"height":190,"caption":"Fusion"},"image":{"@id":"https:\/\/fusion.rs\/sr\/#\/schema\/logo\/image\/"}}]}},"_links":{"self":[{"href":"https:\/\/fusion.rs\/sr\/wp-json\/wp\/v2\/pages\/245","targetHints":{"allow":["GET"]}}],"collection":[{"href":"https:\/\/fusion.rs\/sr\/wp-json\/wp\/v2\/pages"}],"about":[{"href":"https:\/\/fusion.rs\/sr\/wp-json\/wp\/v2\/types\/page"}],"author":[{"embeddable":true,"href":"https:\/\/fusion.rs\/sr\/wp-json\/wp\/v2\/users\/1"}],"replies":[{"embeddable":true,"href":"https:\/\/fusion.rs\/sr\/wp-json\/wp\/v2\/comments?post=245"}],"version-history":[{"count":27,"href":"https:\/\/fusion.rs\/sr\/wp-json\/wp\/v2\/pages\/245\/revisions"}],"predecessor-version":[{"id":690,"href":"https:\/\/fusion.rs\/sr\/wp-json\/wp\/v2\/pages\/245\/revisions\/690"}],"wp:attachment":[{"href":"https:\/\/fusion.rs\/sr\/wp-json\/wp\/v2\/media?parent=245"}],"curies":[{"name":"wp","href":"https:\/\/api.w.org\/{rel}","templated":true}]}}