{"id":247,"date":"2021-01-12T11:29:45","date_gmt":"2021-01-12T10:29:45","guid":{"rendered":"http:\/\/fusion.in.rs\/?page_id=247"},"modified":"2021-02-09T16:03:37","modified_gmt":"2021-02-09T15:03:37","slug":"devops","status":"publish","type":"page","link":"https:\/\/fusion.rs\/sr\/devops\/","title":{"rendered":"Devops"},"content":{"rendered":"\n<p>Cloud poslovanje je postalo obaveza poslednjih godina. Na\u0161i stru\u010dnjaci \u0107e Vam pomo\u0107i oko odabira najboljeg re\u0161enja za Va\u0161e potrebe. Mo\u017eete se odlu\u010diti za sopstveno cloud re\u0161enje ili koristiti na\u0161e usluge shared hosting-a. U zavisnosti od potreba mogu\u0107e je kori\u0161\u0107enje razli\u010ditih servisa, a mi najvi\u0161e iskustva imamo sa AWS i Azure servisima.<\/p>\n\n\n\n<section class=\"support-cares mt-5 st-pb-default\">\n    <div class=\"container\">\n        <div class=\"row\">\n            <div class=\"col-md-10 col-12 mx-auto\">\n                <div class=\"row row-cols-1 row-cols-md-2 row-cols-lg-2 g-4 wow fadeInUp\" style=\"visibility: visible; animation-name: fadeInUp;\">\n                    <div class=\"col\">\n                        <div class=\"widget widget-contact\">\n                            <div class=\"contact-area\">\n                                <div class=\"contact-icon\">\n                                    <div class=\"contact-corn\">\n                                        <img decoding=\"async\" class=\"company_support_cares_cols_mn_icon\" src=\"http:\/\/fusion.rs\/wp-content\/uploads\/2021\/02\/aws.png\" style=\"width: 150px;\" alt=\"AWS\" title=\"AWS\">\n                                    <\/div>\n                                <\/div>\n                                <div class=\"contact-info\">\n\n                                    <h6 class=\"title\">AWS<\/h6>\n\n                                    <p>Vode\u0107a platforma za cloud poslovanje. Imamo iskustva sa hostingom, continuous integration, serverless lambda expressions, s3 servisima, itd.<\/p>\n                                <\/div>\n                            <\/div>\n                        <\/div>\n                    <\/div>\n                    <div class=\"col\">\n                        <div class=\"widget widget-contact\">\n                            <div class=\"contact-area\">\n                                <div class=\"contact-icon\">\n                                    <div class=\"contact-corn\">\n                                        <img decoding=\"async\" class=\"company_support_cares_cols_mn_icon\" src=\"http:\/\/fusion.rs\/wp-content\/uploads\/2021\/02\/Microsoft-Azure-Logo.png\" style=\"width: 230px;\" alt=\"Azure\" title=\"Azure\">\n                                    <\/div>\n                                <\/div>\n                                <div class=\"contact-info\">\n                                    <h6 class=\"title\">Azure<\/h6>\n                                    <p>Azure je platforma koja je najbolji izbor za Microsoft okru\u017eenje. Integrisani active directory, application services i druge stvari koji Vam mogu biti od pomo\u0107i.<\/p>\n                                <\/div>\n                            <\/div>\n                        <\/div>\n                    <\/div>\n                <\/div>\n            <\/div>\n        <\/div>\n    <\/div>\n<\/section>\n","protected":false},"excerpt":{"rendered":"<p>Cloud poslovanje je postalo obaveza poslednjih godina. Na\u0161i stru\u010dnjaci \u0107e Vam pomo\u0107i oko odabira najboljeg re\u0161enja za Va\u0161e potrebe. Mo\u017eete se odlu\u010diti za sopstveno cloud re\u0161enje ili koristiti na\u0161e usluge shared hosting-a. U zavisnosti od potreba mogu\u0107e je kori\u0161\u0107enje razli\u010ditih servisa, a mi najvi\u0161e iskustva imamo sa AWS i Azure servisima. AWS Vode\u0107a platforma za [&hellip;]<\/p>\n","protected":false},"author":1,"featured_media":0,"parent":0,"menu_order":0,"comment_status":"closed","ping_status":"closed","template":"templates\/template-page-full-width.php","meta":{"_exactmetrics_skip_tracking":false,"_exactmetrics_sitenote_active":false,"_exactmetrics_sitenote_note":"","_exactmetrics_sitenote_category":0,"footnotes":""},"class_list":["post-247","page","type-page","status-publish","hentry"],"yoast_head":"<!-- This site is optimized with the Yoast SEO plugin v27.4 - https:\/\/yoast.com\/product\/yoast-seo-wordpress\/ -->\n<title>Devops - Fusion<\/title>\n<meta name=\"robots\" content=\"index, follow, max-snippet:-1, max-image-preview:large, max-video-preview:-1\" \/>\n<link rel=\"canonical\" href=\"https:\/\/fusion.rs\/sr\/devops\/\" \/>\n<meta property=\"og:locale\" content=\"sr_RS\" \/>\n<meta property=\"og:type\" content=\"article\" \/>\n<meta property=\"og:title\" content=\"Devops - Fusion\" \/>\n<meta property=\"og:description\" content=\"Cloud poslovanje je postalo obaveza poslednjih godina. Na\u0161i stru\u010dnjaci \u0107e Vam pomo\u0107i oko odabira najboljeg re\u0161enja za Va\u0161e potrebe. Mo\u017eete se odlu\u010diti za sopstveno cloud re\u0161enje ili koristiti na\u0161e usluge shared hosting-a. U zavisnosti od potreba mogu\u0107e je kori\u0161\u0107enje razli\u010ditih servisa, a mi najvi\u0161e iskustva imamo sa AWS i Azure servisima. AWS Vode\u0107a platforma za [&hellip;]\" \/>\n<meta property=\"og:url\" content=\"https:\/\/fusion.rs\/sr\/devops\/\" \/>\n<meta property=\"og:site_name\" content=\"Fusion\" \/>\n<meta property=\"article:modified_time\" content=\"2021-02-09T15:03:37+00:00\" \/>\n<meta property=\"og:image\" content=\"http:\/\/fusion.rs\/wp-content\/uploads\/2021\/02\/aws.png\" \/>\n<meta name=\"twitter:card\" content=\"summary_large_image\" \/>\n<meta name=\"twitter:label1\" content=\"\u041f\u0440\u043e\u0446\u0435\u045a\u0435\u043d\u043e \u0432\u0440\u0435\u043c\u0435 \u0447\u0438\u0442\u0430\u045a\u0430\" \/>\n\t<meta name=\"twitter:data1\" content=\"1 \u043c\u0438\u043d\u0443\u0442\" \/>\n<script type=\"application\/ld+json\" class=\"yoast-schema-graph\">{\"@context\":\"https:\\\/\\\/schema.org\",\"@graph\":[{\"@type\":\"WebPage\",\"@id\":\"https:\\\/\\\/fusion.rs\\\/sr\\\/devops\\\/\",\"url\":\"https:\\\/\\\/fusion.rs\\\/sr\\\/devops\\\/\",\"name\":\"Devops - Fusion\",\"isPartOf\":{\"@id\":\"https:\\\/\\\/fusion.rs\\\/sr\\\/#website\"},\"primaryImageOfPage\":{\"@id\":\"https:\\\/\\\/fusion.rs\\\/sr\\\/devops\\\/#primaryimage\"},\"image\":{\"@id\":\"https:\\\/\\\/fusion.rs\\\/sr\\\/devops\\\/#primaryimage\"},\"thumbnailUrl\":\"http:\\\/\\\/fusion.rs\\\/wp-content\\\/uploads\\\/2021\\\/02\\\/aws.png\",\"datePublished\":\"2021-01-12T10:29:45+00:00\",\"dateModified\":\"2021-02-09T15:03:37+00:00\",\"breadcrumb\":{\"@id\":\"https:\\\/\\\/fusion.rs\\\/sr\\\/devops\\\/#breadcrumb\"},\"inLanguage\":\"sr-RS\",\"potentialAction\":[{\"@type\":\"ReadAction\",\"target\":[\"https:\\\/\\\/fusion.rs\\\/sr\\\/devops\\\/\"]}]},{\"@type\":\"ImageObject\",\"inLanguage\":\"sr-RS\",\"@id\":\"https:\\\/\\\/fusion.rs\\\/sr\\\/devops\\\/#primaryimage\",\"url\":\"http:\\\/\\\/fusion.rs\\\/wp-content\\\/uploads\\\/2021\\\/02\\\/aws.png\",\"contentUrl\":\"http:\\\/\\\/fusion.rs\\\/wp-content\\\/uploads\\\/2021\\\/02\\\/aws.png\"},{\"@type\":\"BreadcrumbList\",\"@id\":\"https:\\\/\\\/fusion.rs\\\/sr\\\/devops\\\/#breadcrumb\",\"itemListElement\":[{\"@type\":\"ListItem\",\"position\":1,\"name\":\"Home\",\"item\":\"https:\\\/\\\/fusion.rs\\\/sr\\\/\"},{\"@type\":\"ListItem\",\"position\":2,\"name\":\"Devops\"}]},{\"@type\":\"WebSite\",\"@id\":\"https:\\\/\\\/fusion.rs\\\/sr\\\/#website\",\"url\":\"https:\\\/\\\/fusion.rs\\\/sr\\\/\",\"name\":\"Fusion\",\"description\":\"Softver i IT usluge\",\"publisher\":{\"@id\":\"https:\\\/\\\/fusion.rs\\\/sr\\\/#organization\"},\"potentialAction\":[{\"@type\":\"SearchAction\",\"target\":{\"@type\":\"EntryPoint\",\"urlTemplate\":\"https:\\\/\\\/fusion.rs\\\/sr\\\/?s={search_term_string}\"},\"query-input\":{\"@type\":\"PropertyValueSpecification\",\"valueRequired\":true,\"valueName\":\"search_term_string\"}}],\"inLanguage\":\"sr-RS\"},{\"@type\":\"Organization\",\"@id\":\"https:\\\/\\\/fusion.rs\\\/sr\\\/#organization\",\"name\":\"Fusion\",\"url\":\"https:\\\/\\\/fusion.rs\\\/sr\\\/\",\"logo\":{\"@type\":\"ImageObject\",\"inLanguage\":\"sr-RS\",\"@id\":\"https:\\\/\\\/fusion.rs\\\/sr\\\/#\\\/schema\\\/logo\\\/image\\\/\",\"url\":\"https:\\\/\\\/fusion.rs\\\/wp-content\\\/uploads\\\/2021\\\/01\\\/fusion-logo.png\",\"contentUrl\":\"https:\\\/\\\/fusion.rs\\\/wp-content\\\/uploads\\\/2021\\\/01\\\/fusion-logo.png\",\"width\":600,\"height\":190,\"caption\":\"Fusion\"},\"image\":{\"@id\":\"https:\\\/\\\/fusion.rs\\\/sr\\\/#\\\/schema\\\/logo\\\/image\\\/\"}}]}<\/script>\n<!-- \/ Yoast SEO plugin. -->","yoast_head_json":{"title":"Devops - Fusion","robots":{"index":"index","follow":"follow","max-snippet":"max-snippet:-1","max-image-preview":"max-image-preview:large","max-video-preview":"max-video-preview:-1"},"canonical":"https:\/\/fusion.rs\/sr\/devops\/","og_locale":"sr_RS","og_type":"article","og_title":"Devops - Fusion","og_description":"Cloud poslovanje je postalo obaveza poslednjih godina. Na\u0161i stru\u010dnjaci \u0107e Vam pomo\u0107i oko odabira najboljeg re\u0161enja za Va\u0161e potrebe. Mo\u017eete se odlu\u010diti za sopstveno cloud re\u0161enje ili koristiti na\u0161e usluge shared hosting-a. U zavisnosti od potreba mogu\u0107e je kori\u0161\u0107enje razli\u010ditih servisa, a mi najvi\u0161e iskustva imamo sa AWS i Azure servisima. AWS Vode\u0107a platforma za [&hellip;]","og_url":"https:\/\/fusion.rs\/sr\/devops\/","og_site_name":"Fusion","article_modified_time":"2021-02-09T15:03:37+00:00","og_image":[{"url":"http:\/\/fusion.rs\/wp-content\/uploads\/2021\/02\/aws.png","type":"","width":"","height":""}],"twitter_card":"summary_large_image","twitter_misc":{"\u041f\u0440\u043e\u0446\u0435\u045a\u0435\u043d\u043e \u0432\u0440\u0435\u043c\u0435 \u0447\u0438\u0442\u0430\u045a\u0430":"1 \u043c\u0438\u043d\u0443\u0442"},"schema":{"@context":"https:\/\/schema.org","@graph":[{"@type":"WebPage","@id":"https:\/\/fusion.rs\/sr\/devops\/","url":"https:\/\/fusion.rs\/sr\/devops\/","name":"Devops - Fusion","isPartOf":{"@id":"https:\/\/fusion.rs\/sr\/#website"},"primaryImageOfPage":{"@id":"https:\/\/fusion.rs\/sr\/devops\/#primaryimage"},"image":{"@id":"https:\/\/fusion.rs\/sr\/devops\/#primaryimage"},"thumbnailUrl":"http:\/\/fusion.rs\/wp-content\/uploads\/2021\/02\/aws.png","datePublished":"2021-01-12T10:29:45+00:00","dateModified":"2021-02-09T15:03:37+00:00","breadcrumb":{"@id":"https:\/\/fusion.rs\/sr\/devops\/#breadcrumb"},"inLanguage":"sr-RS","potentialAction":[{"@type":"ReadAction","target":["https:\/\/fusion.rs\/sr\/devops\/"]}]},{"@type":"ImageObject","inLanguage":"sr-RS","@id":"https:\/\/fusion.rs\/sr\/devops\/#primaryimage","url":"http:\/\/fusion.rs\/wp-content\/uploads\/2021\/02\/aws.png","contentUrl":"http:\/\/fusion.rs\/wp-content\/uploads\/2021\/02\/aws.png"},{"@type":"BreadcrumbList","@id":"https:\/\/fusion.rs\/sr\/devops\/#breadcrumb","itemListElement":[{"@type":"ListItem","position":1,"name":"Home","item":"https:\/\/fusion.rs\/sr\/"},{"@type":"ListItem","position":2,"name":"Devops"}]},{"@type":"WebSite","@id":"https:\/\/fusion.rs\/sr\/#website","url":"https:\/\/fusion.rs\/sr\/","name":"Fusion","description":"Softver i IT usluge","publisher":{"@id":"https:\/\/fusion.rs\/sr\/#organization"},"potentialAction":[{"@type":"SearchAction","target":{"@type":"EntryPoint","urlTemplate":"https:\/\/fusion.rs\/sr\/?s={search_term_string}"},"query-input":{"@type":"PropertyValueSpecification","valueRequired":true,"valueName":"search_term_string"}}],"inLanguage":"sr-RS"},{"@type":"Organization","@id":"https:\/\/fusion.rs\/sr\/#organization","name":"Fusion","url":"https:\/\/fusion.rs\/sr\/","logo":{"@type":"ImageObject","inLanguage":"sr-RS","@id":"https:\/\/fusion.rs\/sr\/#\/schema\/logo\/image\/","url":"https:\/\/fusion.rs\/wp-content\/uploads\/2021\/01\/fusion-logo.png","contentUrl":"https:\/\/fusion.rs\/wp-content\/uploads\/2021\/01\/fusion-logo.png","width":600,"height":190,"caption":"Fusion"},"image":{"@id":"https:\/\/fusion.rs\/sr\/#\/schema\/logo\/image\/"}}]}},"_links":{"self":[{"href":"https:\/\/fusion.rs\/sr\/wp-json\/wp\/v2\/pages\/247","targetHints":{"allow":["GET"]}}],"collection":[{"href":"https:\/\/fusion.rs\/sr\/wp-json\/wp\/v2\/pages"}],"about":[{"href":"https:\/\/fusion.rs\/sr\/wp-json\/wp\/v2\/types\/page"}],"author":[{"embeddable":true,"href":"https:\/\/fusion.rs\/sr\/wp-json\/wp\/v2\/users\/1"}],"replies":[{"embeddable":true,"href":"https:\/\/fusion.rs\/sr\/wp-json\/wp\/v2\/comments?post=247"}],"version-history":[{"count":5,"href":"https:\/\/fusion.rs\/sr\/wp-json\/wp\/v2\/pages\/247\/revisions"}],"predecessor-version":[{"id":720,"href":"https:\/\/fusion.rs\/sr\/wp-json\/wp\/v2\/pages\/247\/revisions\/720"}],"wp:attachment":[{"href":"https:\/\/fusion.rs\/sr\/wp-json\/wp\/v2\/media?parent=247"}],"curies":[{"name":"wp","href":"https:\/\/api.w.org\/{rel}","templated":true}]}}